{"id":128,"date":"2026-04-06T12:04:50","date_gmt":"2026-04-06T10:04:50","guid":{"rendered":"https:\/\/plocknet.com\/wp\/?page_id=128"},"modified":"2026-04-08T19:09:06","modified_gmt":"2026-04-08T17:09:06","slug":"kontakt","status":"publish","type":"page","link":"https:\/\/wp.plocknet.com\/?page_id=128","title":{"rendered":"Kontakt"},"content":{"rendered":"<style id=\"wpforms-css-vars-411-block-e1b1a708-c439-45d9-8f7f-b0b16a8237c4\">\n\t\t\t\t#wpforms-411.wpforms-block-e1b1a708-c439-45d9-8f7f-b0b16a8237c4 {\n\t\t\t\t--wpforms-field-size-input-height: 43px;\n--wpforms-field-size-input-spacing: 15px;\n--wpforms-field-size-font-size: 16px;\n--wpforms-field-size-line-height: 19px;\n--wpforms-field-size-padding-h: 14px;\n--wpforms-field-size-checkbox-size: 16px;\n--wpforms-field-size-sublabel-spacing: 5px;\n--wpforms-field-size-icon-size: 1;\n--wpforms-label-size-font-size: 16px;\n--wpforms-label-size-line-height: 19px;\n--wpforms-label-size-sublabel-font-size: 14px;\n--wpforms-label-size-sublabel-line-height: 17px;\n--wpforms-button-size-font-size: 17px;\n--wpforms-button-size-height: 41px;\n--wpforms-button-size-padding-h: 15px;\n--wpforms-button-size-margin-top: 10px;\n\t\t\t}\n\t\t\t<\/style><div class=\"wpforms-container wpforms-container-full wpforms-block wpforms-block-e1b1a708-c439-45d9-8f7f-b0b16a8237c4 wpforms-render-modern\" id=\"wpforms-411\"><form id=\"wpforms-form-411\" class=\"wpforms-validate wpforms-form wpforms-ajax-form\" data-formid=\"411\" method=\"post\" enctype=\"multipart\/form-data\" action=\"\/index.php?rest_route=%2Fwp%2Fv2%2Fpages%2F128\" data-token=\"906f097ae6955b5357dd7e34ceccdef4\" data-token-time=\"1775680199\"><noscript class=\"wpforms-error-noscript\">Aby wype\u0142ni\u0107 ten formularz, w\u0142\u0105cz obs\u0142ug\u0119 JavaScript w przegl\u0105darce.<\/noscript><div id=\"wpforms-error-noscript\" style=\"display: none;\">Aby wype\u0142ni\u0107 ten formularz, w\u0142\u0105cz obs\u0142ug\u0119 JavaScript w przegl\u0105darce.<\/div><div class=\"wpforms-field-container\"><div id=\"wpforms-411-field_1-container\" class=\"wpforms-field wpforms-field-name\" data-field-id=\"1\"><label class=\"wpforms-field-label\" for=\"wpforms-411-field_1\">Imi\u0119 i nazwisko <span class=\"wpforms-required-label\" aria-hidden=\"true\">*<\/span><\/label><input type=\"text\" id=\"wpforms-411-field_1\" class=\"wpforms-field-medium wpforms-field-required\" name=\"wpforms[fields][1]\" aria-errormessage=\"wpforms-411-field_1-error\" required><\/div><div id=\"wpforms-411-field_2-container\" class=\"wpforms-field wpforms-field-email\" data-field-id=\"2\"><label class=\"wpforms-field-label\" for=\"wpforms-411-field_2\">Adres e-mail <span class=\"wpforms-required-label\" aria-hidden=\"true\">*<\/span><\/label><input type=\"email\" id=\"wpforms-411-field_2\" class=\"wpforms-field-medium wpforms-field-required\" name=\"wpforms[fields][2]\" spellcheck=\"false\" aria-errormessage=\"wpforms-411-field_2-error\" required><\/div>\t\t<div id=\"wpforms-411-field_4-container\"\n\t\t\tclass=\"wpforms-field wpforms-field-text\"\n\t\t\tdata-field-type=\"text\"\n\t\t\tdata-field-id=\"4\"\n\t\t\t>\n\t\t\t<label class=\"wpforms-field-label\" for=\"wpforms-411-field_4\" >Adres lub i<\/label>\n\t\t\t<input type=\"text\" id=\"wpforms-411-field_4\" class=\"wpforms-field-medium\" name=\"wpforms[fields][4]\" >\n\t\t<\/div>\n\t\t<div id=\"wpforms-411-field_3-container\" class=\"wpforms-field wpforms-field-textarea\" data-field-id=\"3\"><label class=\"wpforms-field-label\" for=\"wpforms-411-field_3\">Komentarz lub wiadomo\u015b\u0107<\/label><textarea id=\"wpforms-411-field_3\" class=\"wpforms-field-medium\" name=\"wpforms[fields][3]\" aria-errormessage=\"wpforms-411-field_3-error\" ><\/textarea><\/div><script>\n\t\t\t\t( function() {\n\t\t\t\t\tconst style = document.createElement( 'style' );\n\t\t\t\t\tstyle.appendChild( document.createTextNode( '#wpforms-411-field_4-container { position: absolute !important; overflow: hidden !important; display: inline !important; height: 1px !important; width: 1px !important; z-index: -1000 !important; padding: 0 !important; } #wpforms-411-field_4-container input { visibility: hidden; } #wpforms-conversational-form-page #wpforms-411-field_4-container label { counter-increment: none; }' ) );\n\t\t\t\t\tdocument.head.appendChild( style );\n\t\t\t\t\tdocument.currentScript?.remove();\n\t\t\t\t} )();\n\t\t\t<\/script><\/div><!-- .wpforms-field-container --><div class=\"wpforms-recaptcha-container wpforms-is-hcaptcha\" ><div class=\"h-captcha\" data-sitekey=\"ce5d64bb-f61f-4bcc-82fa-b06bb36ec7ac\"><\/div><input type=\"text\" name=\"g-recaptcha-hidden\" class=\"wpforms-recaptcha-hidden\" style=\"position:absolute!important;clip:rect(0,0,0,0)!important;height:1px!important;width:1px!important;border:0!important;overflow:hidden!important;padding:0!important;margin:0!important;\" data-rule-hcaptcha=\"1\"><\/div><div class=\"wpforms-submit-container\" ><input type=\"hidden\" name=\"wpforms[id]\" value=\"411\"><input type=\"hidden\" name=\"page_title\" value=\"\"><input type=\"hidden\" name=\"page_url\" value=\"https:\/\/wp.plocknet.com\/index.php?rest_route=\/wp\/v2\/pages\/128\"><input type=\"hidden\" name=\"url_referer\" value=\"\"><button type=\"submit\" name=\"wpforms[submit]\" id=\"wpforms-submit-411\" class=\"wpforms-submit\" data-alt-text=\"Wysy\u0142anie...\" data-submit-text=\"Prze\u015blij\" aria-live=\"assertive\" value=\"wpforms-submit\">Prze\u015blij<\/button><img decoding=\"async\" data-src=\"https:\/\/wp.plocknet.com\/wp-content\/plugins\/wpforms-lite\/assets\/images\/submit-spin.svg\" class=\"wpforms-submit-spinner lazyload\" style=\"--smush-placeholder-width: 26px; --smush-placeholder-aspect-ratio: 26\/26;display: none;\" width=\"26\" height=\"26\" alt=\"Wczytywanie\" src=\"data:image\/svg+xml;base64,PHN2ZyB3aWR0aD0iMSIgaGVpZ2h0PSIxIiB4bWxucz0iaHR0cDovL3d3dy53My5vcmcvMjAwMC9zdmciPjwvc3ZnPg==\"><\/div><\/form><\/div>  <!-- .wpforms-container -->\n\n\n<p><strong>plockNET.pl<\/strong>&nbsp;Artur Krawczyk&nbsp;<strong>NIP:<\/strong>&nbsp;PL7741521204<strong>&nbsp;REGON:<\/strong>&nbsp;383890340<\/p>\n\n\n\n<p>09-402 P\u0142ock, Mickiewicza 19\/175<\/p>\n\n\n\n<p>telefon: +48.223000275<\/p>\n\n\n\n<p>mobile: <strong>+48.601215170<\/strong><\/p>\n\n\n\n<p>Rachunek bankowy (IBAN):\u00a0<strong>PL60 2490 0005 0000 4530 4259 1605<\/strong><\/p>\n\n\n\n<div style=\"height:100px\" aria-hidden=\"true\" class=\"wp-block-spacer\"><\/div>\n\n\n<meta content=\"width=device-width, initial-scale=1.0\" name=\"viewport\" \/>\r\n<link rel=\"shortcut icon\" type=\"image\/x-icon\" href=\"docs\/images\/favicon.ico\" \/>\r\n<link rel=\"stylesheet\" href=\"https:\/\/unpkg.com\/leaflet@1.7.1\/dist\/leaflet.css\"\r\n   integrity=\"sha512-xodZBNTC5n17Xt2atTPuE1HxjVMSvLVW9ocqUKLsCC5CXdbqCmblAshOMAS6\/keqq\/sMZMZ19scR4PsZChSR7A==\"\r\n   crossorigin=\"\"\/>\r\n <!-- Make sure you put this AFTER Leaflet's CSS -->\r\n <script src=\"https:\/\/unpkg.com\/leaflet@1.7.1\/dist\/leaflet.js\"\r\n   integrity=\"sha512-XQoYMqMTK8LvdxXYG3nZ448hOEQiglfqkJs1NOQV44cWnUrBc8PkAOcXy20w0vlaXaVUearIOBhiXZ5V3ynxwA==\"\r\n   crossorigin=\"\"><\/script>\r\n\r\n<div id=\"mapid\" style=\"width: 100%; height: 360px\"><\/div>\r\n<script>\r\n\t\tvar mymap = L.map('mapid').setView([52.55097, 19.70292], 15);\r\n\r\nL.tileLayer('https:\/\/api.mapbox.com\/styles\/v1\/{id}\/tiles\/{z}\/{x}\/{y}?access_token=pk.eyJ1IjoicGxvY2tuZXQiLCJhIjoiY2trN3pvcGNsMGZ2bjJ2bG5yMmgxZHVsZSJ9.eJMwcAppBqZIWVnsKHCBDw', {\r\n\t\tmaxZoom: 18,\r\n\t\tattribution: 'Map data \u00a9 <a href=\"https:\/\/www.openstreetmap.org\/copyright\">OpenStreetMap<\/a> contributors, ' +\r\n\t\t\t'Imagery \u00a9 <a href=\"https:\/\/www.mapbox.com\/\">Mapbox<\/a>',\r\n\t\tid: 'mapbox\/streets-v11',\r\n\t\ttileSize: 512,\r\n\t\tzoomOffset: -1\r\n\t}).addTo(mymap);\r\n\r\n\r\n\t\tL.marker([52.55097, 19.70292]).addTo(mymap)\r\n\t\t.bindPopup(\"<b>plockNET.pl<\/b><br \/>Artur Krawczyk<br\/>09-402 P\u0142ock, Adama Mickiewicza 19\/175\").openPopup();\r\n\t\t\r\n<\/script>\n","protected":false},"excerpt":{"rendered":"<p>plockNET.pl&nbsp;Artur Krawczyk&nbsp;NIP:&nbsp;PL7741521204&nbsp;REGON:&nbsp;383890340 09-402 P\u0142ock, Mickiewicza 19\/175 telefon: +48.223000275 mobile: +48.601215170 Rachunek bankowy (IBAN):\u00a0PL60 2490 0005 0000 4530 4259 1605<\/p>\n","protected":false},"author":1,"featured_media":0,"parent":0,"menu_order":0,"comment_status":"closed","ping_status":"closed","template":"","meta":{"footnotes":""},"class_list":["post-128","page","type-page","status-publish","hentry"],"yoast_head":"<!-- This site is optimized with the Yoast SEO plugin v27.3 - https:\/\/yoast.com\/product\/yoast-seo-wordpress\/ -->\n<title>Kontakt &#8211; plockNET.pl Artur Krawczyk<\/title>\n<meta name=\"robots\" content=\"index, follow, max-snippet:-1, max-image-preview:large, max-video-preview:-1\" \/>\n<link rel=\"canonical\" href=\"https:\/\/wp.plocknet.com\/?page_id=128\" \/>\n<meta property=\"og:locale\" content=\"pl_PL\" \/>\n<meta property=\"og:type\" content=\"article\" \/>\n<meta property=\"og:title\" content=\"Kontakt &#8211; plockNET.pl Artur Krawczyk\" \/>\n<meta property=\"og:description\" content=\"plockNET.pl&nbsp;Artur Krawczyk&nbsp;NIP:&nbsp;PL7741521204&nbsp;REGON:&nbsp;383890340 09-402 P\u0142ock, Mickiewicza 19\/175 telefon: +48.223000275 mobile: +48.601215170 Rachunek bankowy (IBAN):\u00a0PL60 2490 0005 0000 4530 4259 1605\" \/>\n<meta property=\"og:url\" content=\"https:\/\/wp.plocknet.com\/?page_id=128\" \/>\n<meta property=\"og:site_name\" content=\"plockNET.pl Artur Krawczyk\" \/>\n<meta property=\"article:modified_time\" content=\"2026-04-08T17:09:06+00:00\" \/>\n<meta name=\"twitter:card\" content=\"summary_large_image\" \/>\n<meta name=\"twitter:label1\" content=\"Szacowany czas czytania\" \/>\n\t<meta name=\"twitter:data1\" content=\"1 minuta\" \/>\n<script type=\"application\/ld+json\" class=\"yoast-schema-graph\">{\"@context\":\"https:\\\/\\\/schema.org\",\"@graph\":[{\"@type\":\"WebPage\",\"@id\":\"https:\\\/\\\/wp.plocknet.com\\\/?page_id=128\",\"url\":\"https:\\\/\\\/wp.plocknet.com\\\/?page_id=128\",\"name\":\"Kontakt &#8211; plockNET.pl Artur Krawczyk\",\"isPartOf\":{\"@id\":\"https:\\\/\\\/wp.plocknet.com\\\/#website\"},\"datePublished\":\"2026-04-06T10:04:50+00:00\",\"dateModified\":\"2026-04-08T17:09:06+00:00\",\"breadcrumb\":{\"@id\":\"https:\\\/\\\/wp.plocknet.com\\\/?page_id=128#breadcrumb\"},\"inLanguage\":\"pl-PL\",\"potentialAction\":[{\"@type\":\"ReadAction\",\"target\":[\"https:\\\/\\\/wp.plocknet.com\\\/?page_id=128\"]}]},{\"@type\":\"BreadcrumbList\",\"@id\":\"https:\\\/\\\/wp.plocknet.com\\\/?page_id=128#breadcrumb\",\"itemListElement\":[{\"@type\":\"ListItem\",\"position\":1,\"name\":\"Strona g\u0142\u00f3wna\",\"item\":\"https:\\\/\\\/wp.plocknet.com\\\/\"},{\"@type\":\"ListItem\",\"position\":2,\"name\":\"Kontakt\"}]},{\"@type\":\"WebSite\",\"@id\":\"https:\\\/\\\/wp.plocknet.com\\\/#website\",\"url\":\"https:\\\/\\\/wp.plocknet.com\\\/\",\"name\":\"plockNET.pl Artur Krawczyk\",\"description\":\"wsparcie IT dla biznesu\",\"publisher\":{\"@id\":\"https:\\\/\\\/wp.plocknet.com\\\/#organization\"},\"alternateName\":\"plockNET.pl\",\"potentialAction\":[{\"@type\":\"SearchAction\",\"target\":{\"@type\":\"EntryPoint\",\"urlTemplate\":\"https:\\\/\\\/wp.plocknet.com\\\/?s={search_term_string}\"},\"query-input\":{\"@type\":\"PropertyValueSpecification\",\"valueRequired\":true,\"valueName\":\"search_term_string\"}}],\"inLanguage\":\"pl-PL\"},{\"@type\":\"Organization\",\"@id\":\"https:\\\/\\\/wp.plocknet.com\\\/#organization\",\"name\":\"plockNET.pl Artur Krawczyk\",\"alternateName\":\"plockNET.pl\",\"url\":\"https:\\\/\\\/wp.plocknet.com\\\/\",\"logo\":{\"@type\":\"ImageObject\",\"inLanguage\":\"pl-PL\",\"@id\":\"https:\\\/\\\/wp.plocknet.com\\\/#\\\/schema\\\/logo\\\/image\\\/\",\"url\":\"https:\\\/\\\/plocknet.com\\\/wp\\\/wp-content\\\/uploads\\\/2026\\\/04\\\/cropped-plocknet.png\",\"contentUrl\":\"https:\\\/\\\/plocknet.com\\\/wp\\\/wp-content\\\/uploads\\\/2026\\\/04\\\/cropped-plocknet.png\",\"width\":399,\"height\":75,\"caption\":\"plockNET.pl Artur Krawczyk\"},\"image\":{\"@id\":\"https:\\\/\\\/wp.plocknet.com\\\/#\\\/schema\\\/logo\\\/image\\\/\"}}]}<\/script>\n<!-- \/ Yoast SEO plugin. -->","yoast_head_json":{"title":"Kontakt &#8211; plockNET.pl Artur Krawczyk","robots":{"index":"index","follow":"follow","max-snippet":"max-snippet:-1","max-image-preview":"max-image-preview:large","max-video-preview":"max-video-preview:-1"},"canonical":"https:\/\/wp.plocknet.com\/?page_id=128","og_locale":"pl_PL","og_type":"article","og_title":"Kontakt &#8211; plockNET.pl Artur Krawczyk","og_description":"plockNET.pl&nbsp;Artur Krawczyk&nbsp;NIP:&nbsp;PL7741521204&nbsp;REGON:&nbsp;383890340 09-402 P\u0142ock, Mickiewicza 19\/175 telefon: +48.223000275 mobile: +48.601215170 Rachunek bankowy (IBAN):\u00a0PL60 2490 0005 0000 4530 4259 1605","og_url":"https:\/\/wp.plocknet.com\/?page_id=128","og_site_name":"plockNET.pl Artur Krawczyk","article_modified_time":"2026-04-08T17:09:06+00:00","twitter_card":"summary_large_image","twitter_misc":{"Szacowany czas czytania":"1 minuta"},"schema":{"@context":"https:\/\/schema.org","@graph":[{"@type":"WebPage","@id":"https:\/\/wp.plocknet.com\/?page_id=128","url":"https:\/\/wp.plocknet.com\/?page_id=128","name":"Kontakt &#8211; plockNET.pl Artur Krawczyk","isPartOf":{"@id":"https:\/\/wp.plocknet.com\/#website"},"datePublished":"2026-04-06T10:04:50+00:00","dateModified":"2026-04-08T17:09:06+00:00","breadcrumb":{"@id":"https:\/\/wp.plocknet.com\/?page_id=128#breadcrumb"},"inLanguage":"pl-PL","potentialAction":[{"@type":"ReadAction","target":["https:\/\/wp.plocknet.com\/?page_id=128"]}]},{"@type":"BreadcrumbList","@id":"https:\/\/wp.plocknet.com\/?page_id=128#breadcrumb","itemListElement":[{"@type":"ListItem","position":1,"name":"Strona g\u0142\u00f3wna","item":"https:\/\/wp.plocknet.com\/"},{"@type":"ListItem","position":2,"name":"Kontakt"}]},{"@type":"WebSite","@id":"https:\/\/wp.plocknet.com\/#website","url":"https:\/\/wp.plocknet.com\/","name":"plockNET.pl Artur Krawczyk","description":"wsparcie IT dla biznesu","publisher":{"@id":"https:\/\/wp.plocknet.com\/#organization"},"alternateName":"plockNET.pl","potentialAction":[{"@type":"SearchAction","target":{"@type":"EntryPoint","urlTemplate":"https:\/\/wp.plocknet.com\/?s={search_term_string}"},"query-input":{"@type":"PropertyValueSpecification","valueRequired":true,"valueName":"search_term_string"}}],"inLanguage":"pl-PL"},{"@type":"Organization","@id":"https:\/\/wp.plocknet.com\/#organization","name":"plockNET.pl Artur Krawczyk","alternateName":"plockNET.pl","url":"https:\/\/wp.plocknet.com\/","logo":{"@type":"ImageObject","inLanguage":"pl-PL","@id":"https:\/\/wp.plocknet.com\/#\/schema\/logo\/image\/","url":"https:\/\/plocknet.com\/wp\/wp-content\/uploads\/2026\/04\/cropped-plocknet.png","contentUrl":"https:\/\/plocknet.com\/wp\/wp-content\/uploads\/2026\/04\/cropped-plocknet.png","width":399,"height":75,"caption":"plockNET.pl Artur Krawczyk"},"image":{"@id":"https:\/\/wp.plocknet.com\/#\/schema\/logo\/image\/"}}]}},"_links":{"self":[{"href":"https:\/\/wp.plocknet.com\/index.php?rest_route=\/wp\/v2\/pages\/128","targetHints":{"allow":["GET"]}}],"collection":[{"href":"https:\/\/wp.plocknet.com\/index.php?rest_route=\/wp\/v2\/pages"}],"about":[{"href":"https:\/\/wp.plocknet.com\/index.php?rest_route=\/wp\/v2\/types\/page"}],"author":[{"embeddable":true,"href":"https:\/\/wp.plocknet.com\/index.php?rest_route=\/wp\/v2\/users\/1"}],"replies":[{"embeddable":true,"href":"https:\/\/wp.plocknet.com\/index.php?rest_route=%2Fwp%2Fv2%2Fcomments&post=128"}],"version-history":[{"count":4,"href":"https:\/\/wp.plocknet.com\/index.php?rest_route=\/wp\/v2\/pages\/128\/revisions"}],"predecessor-version":[{"id":728,"href":"https:\/\/wp.plocknet.com\/index.php?rest_route=\/wp\/v2\/pages\/128\/revisions\/728"}],"wp:attachment":[{"href":"https:\/\/wp.plocknet.com\/index.php?rest_route=%2Fwp%2Fv2%2Fmedia&parent=128"}],"curies":[{"name":"wp","href":"https:\/\/api.w.org\/{rel}","templated":true}]}}